{"id":214,"date":"2023-02-07T20:55:01","date_gmt":"2023-02-07T23:55:01","guid":{"rendered":"https:\/\/engehealth.com.br\/politica-de-privacidad\/"},"modified":"2024-11-03T11:10:53","modified_gmt":"2024-11-03T14:10:53","slug":"politica-de-privacidad","status":"publish","type":"page","link":"https:\/\/engehealth.com.br\/es\/politica-de-privacidad\/","title":{"rendered":"Pol\u00edtica de privacidad"},"content":{"rendered":"\r\n<h1 class=\"wp-block-heading\">Navegaci\u00f3n<\/h1>\r\n\r\n\r\n\r\n<p>Cuando cualquier usuario navega por nuestro sitio, se instalan autom\u00e1ticamente cookies en el navegador utilizado, y en cada p\u00e1gina por la que navegue tambi\u00e9n se pueden instalar cookies u otros marcadores que tendr\u00e1n su funcionalidad. Adoptaremos todas las medidas para garantizar que los datos se recogen y tratan de forma totalmente an\u00f3nima, impidiendo la identificaci\u00f3n directa de nuestros usuarios, salvo en el caso de los usuarios registrados e identificados. No almacenaremos los sitios web que haya visitado, ni guardaremos su historial ni transmitiremos estos datos a terceros de ning\u00fan tipo. Los sitios web visitados se analizar\u00e1n de forma an\u00f3nima mediante el uso de cookies, etiquetas, metatags y otros marcadores utilizados por nosotros o nuestros socios, y no ser\u00e1 posible conocer el contenido al que se ha accedido ni leer a qu\u00e9 se ha accedido. Al utilizar el sitio, con el fin de salvaguardar y proteger los derechos de terceros, el usuario del sitio s\u00f3lo debe proporcionar sus datos personales y no los de terceros.<\/p>\r\n\r\n\r\n\r\n<h1 class=\"wp-block-heading\">Formulario de contacto<\/h1>\r\n\r\n\r\n\r\n<p>Si el usuario tiene la opci\u00f3n de ponerse en contacto con el propietario del sitio a trav\u00e9s del formulario de contacto, ello est\u00e1 condicionado a que facilite sus datos personales. Es responsabilidad exclusiva del usuario garantizar la veracidad y exactitud de los datos facilitados. Por lo tanto, NO asumimos ninguna responsabilidad en caso de inexactitud, omisi\u00f3n de informaci\u00f3n relevante o inserci\u00f3n de datos falsos que puedan inducir a error al usuario. Nos comprometemos a no vender, divulgar, transferir o distribuir de cualquier otro modo sus datos personales a terceros.<\/p>\r\n\r\n\r\n\r\n<h1 class=\"wp-block-heading\">Cookies<\/h1>\r\n\r\n\r\n\r\n<p>Utilizamos cookies para saber c\u00f3mo interact\u00faa con nuestros contenidos y mejorar su experiencia cuando visita nuestro sitio web. Por ejemplo, algunas cookies recuerdan su idioma o preferencias para que no tenga que hacer estas elecciones repetidamente cada vez que visite nuestro sitio. Adem\u00e1s, las cookies nos permiten ofrecerle contenidos espec\u00edficos. Podemos utilizar lo que sabemos sobre su comportamiento en nuestro sitio web para ofrecerle anuncios espec\u00edficos en sitios web de terceros, en un esfuerzo por \u00abvolver a presentarle\u00bb nuestros productos y servicios. En nuestro sitio web utilizamos tanto cookies propias como de terceros. Las cookies de origen son cookies emitidas por nuestro propio dominio y se utilizan generalmente para identificar preferencias o facilitar funcionalidades b\u00e1sicas del sitio. Las cookies de terceros pertenecen y son gestionadas por otras empresas, como socios comerciales o proveedores de servicios como Facebook y Google. Tambi\u00e9n proporcionamos una herramienta en nuestro sitio web para eliminar las cookies emitidas por esta empresa.<\/p>\r\n\r\n\r\n\r\n<h1 class=\"wp-block-heading\">Disposiciones generales<\/h1>\r\n\r\n\r\n\r\n<p>Al acceder a nuestro sitio web, usted acepta el uso de cookies y los t\u00e9rminos de esta Pol\u00edtica. Si no est\u00e1 de acuerdo con el uso de cookies o la pol\u00edtica de esta forma, puede: ajustar la configuraci\u00f3n de su navegador para no permitir el uso de cookies o no acceder a nuestro sitio web. Tenga en cuenta que deshabilitar el uso de cookies puede repercutir en su experiencia al navegar por nuestro sitio web. En caso de dudas u otras solicitudes Si desea ejercer alguno de sus derechos en relaci\u00f3n con su informaci\u00f3n personal o si tiene alguna pregunta sobre c\u00f3mo utilizamos su informaci\u00f3n personal, p\u00f3ngase en contacto con nosotros a trav\u00e9s del \u00e1rea de Contacto de este sitio web o a trav\u00e9s de la direcci\u00f3n de correo electr\u00f3nico del Servicio de Atenci\u00f3n al Cliente.<\/p>\r\n\r\n\r\n\r\n<p>E-mail:\u00a0cookies@estudioload.com<\/p>\r\n","protected":false},"excerpt":{"rendered":"<p>Navegaci\u00f3n Cuando cualquier usuario navega por nuestro sitio, se instalan autom\u00e1ticamente cookies en el navegador utilizado, y en cada p\u00e1gina por la que navegue tambi\u00e9n se pueden instalar cookies u otros marcadores que tendr\u00e1n su funcionalidad. Adoptaremos todas las medidas para garantizar que los datos se recogen y tratan de forma totalmente an\u00f3nima, impidiendo la [&hellip;]<\/p>\n","protected":false},"author":1,"featured_media":0,"parent":0,"menu_order":0,"comment_status":"closed","ping_status":"closed","template":"","meta":{"footnotes":""},"class_list":["post-214","page","type-page","status-publish","hentry"],"acf":[],"_links":{"self":[{"href":"https:\/\/engehealth.com.br\/es\/wp-json\/wp\/v2\/pages\/214","targetHints":{"allow":["GET"]}}],"collection":[{"href":"https:\/\/engehealth.com.br\/es\/wp-json\/wp\/v2\/pages"}],"about":[{"href":"https:\/\/engehealth.com.br\/es\/wp-json\/wp\/v2\/types\/page"}],"author":[{"embeddable":true,"href":"https:\/\/engehealth.com.br\/es\/wp-json\/wp\/v2\/users\/1"}],"replies":[{"embeddable":true,"href":"https:\/\/engehealth.com.br\/es\/wp-json\/wp\/v2\/comments?post=214"}],"version-history":[{"count":2,"href":"https:\/\/engehealth.com.br\/es\/wp-json\/wp\/v2\/pages\/214\/revisions"}],"predecessor-version":[{"id":220,"href":"https:\/\/engehealth.com.br\/es\/wp-json\/wp\/v2\/pages\/214\/revisions\/220"}],"wp:attachment":[{"href":"https:\/\/engehealth.com.br\/es\/wp-json\/wp\/v2\/media?parent=214"}],"curies":[{"name":"wp","href":"https:\/\/api.w.org\/{rel}","templated":true}]}}